{"id":830,"date":"2022-06-06T16:35:25","date_gmt":"2022-06-06T14:35:25","guid":{"rendered":"https:\/\/pimp-your-ride.com\/?page_id=830"},"modified":"2022-06-13T23:04:10","modified_gmt":"2022-06-13T21:04:10","slug":"wip","status":"publish","type":"page","link":"https:\/\/pimp-your-ride.com\/en\/wip\/","title":{"rendered":"WIP"},"content":{"rendered":"\t\t<div data-elementor-type=\"wp-page\" data-elementor-id=\"830\" class=\"elementor elementor-830\" data-elementor-post-type=\"page\">\n\t\t\t\t\t\t<section class=\"elementor-section elementor-top-section elementor-element elementor-element-1da2d42c elementor-section-stretched elementor-section-boxed elementor-section-height-default elementor-section-height-default\" data-id=\"1da2d42c\" data-element_type=\"section\" data-e-type=\"section\" data-settings=\"{&quot;stretch_section&quot;:&quot;section-stretched&quot;,&quot;background_background&quot;:&quot;classic&quot;}\">\n\t\t\t\t\t\t<div class=\"elementor-container elementor-column-gap-default\">\n\t\t\t\t\t<div class=\"elementor-column elementor-col-100 elementor-top-column elementor-element elementor-element-3c8bd7ec\" data-id=\"3c8bd7ec\" data-element_type=\"column\" data-e-type=\"column\">\n\t\t\t<div class=\"elementor-widget-wrap elementor-element-populated\">\n\t\t\t\t\t\t<div class=\"elementor-element elementor-element-f33ec9b elementor-widget elementor-widget-spacer\" data-id=\"f33ec9b\" data-element_type=\"widget\" data-e-type=\"widget\" data-widget_type=\"spacer.default\">\n\t\t\t\t<div class=\"elementor-widget-container\">\n\t\t\t\t\t\t\t<div class=\"elementor-spacer\">\n\t\t\t<div class=\"elementor-spacer-inner\"><\/div>\n\t\t<\/div>\n\t\t\t\t\t\t<\/div>\n\t\t\t\t<\/div>\n\t\t\t\t<div class=\"elementor-element elementor-element-467fa58 animated-slow elementor-invisible elementor-widget elementor-widget-image\" data-id=\"467fa58\" data-element_type=\"widget\" data-e-type=\"widget\" data-settings=\"{&quot;_animation&quot;:&quot;fadeIn&quot;,&quot;_animation_delay&quot;:1000}\" data-widget_type=\"image.default\">\n\t\t\t\t<div class=\"elementor-widget-container\">\n\t\t\t\t\t\t\t\t\t\t\t\t\t\t\t<img decoding=\"async\" width=\"200\" height=\"230\" src=\"https:\/\/pimp-your-ride.com\/wp-content\/uploads\/2022\/05\/pyr-3d-animation.gif\" class=\"attachment-full size-full wp-image-57\" alt=\"\" \/>\t\t\t\t\t\t\t\t\t\t\t\t\t\t\t<\/div>\n\t\t\t\t<\/div>\n\t\t\t\t<div class=\"elementor-element elementor-element-8c13d10 elementor-widget elementor-widget-spacer\" data-id=\"8c13d10\" data-element_type=\"widget\" data-e-type=\"widget\" data-widget_type=\"spacer.default\">\n\t\t\t\t<div class=\"elementor-widget-container\">\n\t\t\t\t\t\t\t<div class=\"elementor-spacer\">\n\t\t\t<div class=\"elementor-spacer-inner\"><\/div>\n\t\t<\/div>\n\t\t\t\t\t\t<\/div>\n\t\t\t\t<\/div>\n\t\t\t\t<section class=\"elementor-section elementor-inner-section elementor-element elementor-element-50db62b5 elementor-section-boxed elementor-section-height-default elementor-section-height-default\" data-id=\"50db62b5\" data-element_type=\"section\" data-e-type=\"section\">\n\t\t\t\t\t\t<div class=\"elementor-container elementor-column-gap-default\">\n\t\t\t\t\t<div class=\"elementor-column elementor-col-100 elementor-inner-column elementor-element elementor-element-69bc29d5\" data-id=\"69bc29d5\" data-element_type=\"column\" data-e-type=\"column\">\n\t\t\t<div class=\"elementor-widget-wrap elementor-element-populated\">\n\t\t\t\t\t\t<div class=\"elementor-element elementor-element-627aecf5 animated-slow elementor-invisible elementor-widget elementor-widget-heading\" data-id=\"627aecf5\" data-element_type=\"widget\" data-e-type=\"widget\" data-settings=\"{&quot;_animation&quot;:&quot;fadeIn&quot;,&quot;_animation_delay&quot;:600}\" data-widget_type=\"heading.default\">\n\t\t\t\t<div class=\"elementor-widget-container\">\n\t\t\t\t\t<h2 class=\"elementor-heading-title elementor-size-default\">COMING SOON<\/h2>\t\t\t\t<\/div>\n\t\t\t\t<\/div>\n\t\t\t\t\t<\/div>\n\t\t<\/div>\n\t\t\t\t\t<\/div>\n\t\t<\/section>\n\t\t\t\t\t<\/div>\n\t\t<\/div>\n\t\t\t\t\t<\/div>\n\t\t<\/section>\n\t\t\t\t<section class=\"elementor-section elementor-top-section elementor-element elementor-element-153daaf elementor-section-boxed elementor-section-height-default elementor-section-height-default\" data-id=\"153daaf\" data-element_type=\"section\" data-e-type=\"section\">\n\t\t\t\t\t\t<div class=\"elementor-container elementor-column-gap-default\">\n\t\t\t\t\t<div class=\"elementor-column elementor-col-100 elementor-top-column elementor-element elementor-element-b1839a1\" data-id=\"b1839a1\" data-element_type=\"column\" data-e-type=\"column\">\n\t\t\t<div class=\"elementor-widget-wrap elementor-element-populated\">\n\t\t\t\t\t\t<div class=\"elementor-element elementor-element-1ac04ba elementor-widget elementor-widget-spacer\" data-id=\"1ac04ba\" data-element_type=\"widget\" data-e-type=\"widget\" data-widget_type=\"spacer.default\">\n\t\t\t\t<div class=\"elementor-widget-container\">\n\t\t\t\t\t\t\t<div class=\"elementor-spacer\">\n\t\t\t<div class=\"elementor-spacer-inner\"><\/div>\n\t\t<\/div>\n\t\t\t\t\t\t<\/div>\n\t\t\t\t<\/div>\n\t\t\t\t<div class=\"elementor-element elementor-element-cb860d0 elementor-invisible elementor-widget elementor-widget-text-editor\" data-id=\"cb860d0\" data-element_type=\"widget\" data-e-type=\"widget\" data-settings=\"{&quot;_animation&quot;:&quot;fadeIn&quot;,&quot;_animation_delay&quot;:700}\" data-widget_type=\"text-editor.default\">\n\t\t\t\t<div class=\"elementor-widget-container\">\n\t\t\t\t\t\t\t\t\t<p>Wir gehen <strong>in K\u00fcrze<\/strong> mit unserer Website und dem Buchungsprozess f\u00fcr unsere <strong>Hebeb\u00fchnen &amp; Co.<\/strong> an den Start!<br \/>Wenn Du bei <strong>Er\u00f6ffnung<\/strong> der Buchungsm\u00f6glichkeit als <strong>einer der Ersten<\/strong> informiert werden m\u00f6chtest, melde Dich gerne f\u00fcr unseren <strong>Newsletter<\/strong> an \ud83d\ude03<\/p>\t\t\t\t\t\t\t\t<\/div>\n\t\t\t\t<\/div>\n\t\t\t\t<div class=\"elementor-element elementor-element-4342248 elementor-widget elementor-widget-spacer\" data-id=\"4342248\" data-element_type=\"widget\" data-e-type=\"widget\" data-widget_type=\"spacer.default\">\n\t\t\t\t<div class=\"elementor-widget-container\">\n\t\t\t\t\t\t\t<div class=\"elementor-spacer\">\n\t\t\t<div class=\"elementor-spacer-inner\"><\/div>\n\t\t<\/div>\n\t\t\t\t\t\t<\/div>\n\t\t\t\t<\/div>\n\t\t\t\t<div class=\"elementor-element elementor-element-084ccd9 elementor-widget__width-initial elementor-button-align-stretch elementor-invisible elementor-widget elementor-widget-form\" data-id=\"084ccd9\" data-element_type=\"widget\" data-e-type=\"widget\" data-settings=\"{&quot;step_next_label&quot;:&quot;N\\u00e4chster&quot;,&quot;step_previous_label&quot;:&quot;Voriger&quot;,&quot;_animation&quot;:&quot;fadeIn&quot;,&quot;_animation_delay&quot;:800,&quot;button_width&quot;:&quot;100&quot;,&quot;step_type&quot;:&quot;number_text&quot;,&quot;step_icon_shape&quot;:&quot;circle&quot;}\" data-widget_type=\"form.default\">\n\t\t\t\t<div class=\"elementor-widget-container\">\n\t\t\t\t\t\t\t<form class=\"elementor-form\" method=\"post\" name=\"Neues Formular\" aria-label=\"Neues Formular\">\n\t\t\t<input type=\"hidden\" name=\"post_id\" value=\"830\"\/>\n\t\t\t<input type=\"hidden\" name=\"form_id\" value=\"084ccd9\"\/>\n\t\t\t<input type=\"hidden\" name=\"referer_title\" value=\"WIP - Pimp-Your-Ride\" \/>\n\n\t\t\t\t\t\t\t<input type=\"hidden\" name=\"queried_id\" value=\"830\"\/>\n\t\t\t\n\t\t\t<div class=\"elementor-form-fields-wrapper elementor-labels-above\">\n\t\t\t\t\t\t\t\t<div class=\"elementor-field-type-email elementor-field-group elementor-column elementor-field-group-email elementor-col-100 elementor-field-required elementor-mark-required\">\n\t\t\t\t\t\t\t\t\t\t\t\t\t<input size=\"1\" type=\"email\" name=\"form_fields[email]\" id=\"form-field-email\" class=\"elementor-field elementor-size-md  elementor-field-textual\" placeholder=\"Deine Mailadresse*\" required=\"required\">\n\t\t\t\t\t\t\t\t\t\t\t<\/div>\n\t\t\t\t\t\t\t\t<div class=\"elementor-field-group elementor-column elementor-field-type-submit elementor-col-100 e-form__buttons\">\n\t\t\t\t\t<button class=\"elementor-button elementor-size-lg\" type=\"submit\">\n\t\t\t\t\t\t<span class=\"elementor-button-content-wrapper\">\n\t\t\t\t\t\t\t\t\t\t\t\t\t\t\t<span class=\"elementor-button-icon\">\n\t\t\t\t\t\t\t\t\t<i aria-hidden=\"true\" class=\"fab fa-telegram-plane\"><\/i>\t\t\t\t\t\t\t\t\t\t\t\t\t\t\t\t\t<\/span>\n\t\t\t\t\t\t\t\t\t\t\t\t\t\t\t\t\t\t\t\t\t\t<span class=\"elementor-button-text\">und ab daf\u00fcr!<\/span>\n\t\t\t\t\t\t\t\t\t\t\t\t\t<\/span>\n\t\t\t\t\t<\/button>\n\t\t\t\t<\/div>\n\t\t\t<\/div>\n\t\t<\/form>\n\t\t\t\t\t\t<\/div>\n\t\t\t\t<\/div>\n\t\t\t\t<div class=\"elementor-element elementor-element-32c58c9 elementor-widget elementor-widget-spacer\" data-id=\"32c58c9\" data-element_type=\"widget\" data-e-type=\"widget\" data-widget_type=\"spacer.default\">\n\t\t\t\t<div class=\"elementor-widget-container\">\n\t\t\t\t\t\t\t<div class=\"elementor-spacer\">\n\t\t\t<div class=\"elementor-spacer-inner\"><\/div>\n\t\t<\/div>\n\t\t\t\t\t\t<\/div>\n\t\t\t\t<\/div>\n\t\t\t\t<div class=\"elementor-element elementor-element-a22b104 elementor-invisible elementor-widget elementor-widget-text-editor\" data-id=\"a22b104\" data-element_type=\"widget\" data-e-type=\"widget\" data-settings=\"{&quot;_animation&quot;:&quot;fadeIn&quot;,&quot;_animation_delay&quot;:900}\" data-widget_type=\"text-editor.default\">\n\t\t\t\t<div class=\"elementor-widget-container\">\n\t\t\t\t\t\t\t\t\t<p><strong>*Pflichtfeld.<\/strong> Mit dem Absenden stimmst Du zu, dass wir Deine E-Mailadresse im Rahmen unseres Newsletters verwenden d\u00fcrfen. Du erh\u00e4ltst eine weitere Mail, in der Du dies noch einmal best\u00e4tigen musst.<\/p>\t\t\t\t\t\t\t\t<\/div>\n\t\t\t\t<\/div>\n\t\t\t\t<div class=\"elementor-element elementor-element-67bdc62 elementor-view-default elementor-invisible elementor-widget elementor-widget-icon\" data-id=\"67bdc62\" data-element_type=\"widget\" data-e-type=\"widget\" data-settings=\"{&quot;_animation&quot;:&quot;fadeIn&quot;,&quot;_animation_delay&quot;:900}\" data-widget_type=\"icon.default\">\n\t\t\t\t<div class=\"elementor-widget-container\">\n\t\t\t\t\t\t\t<div class=\"elementor-icon-wrapper\">\n\t\t\t<a class=\"elementor-icon\" href=\"https:\/\/www.instagram.com\/pimp_your_ride_com\/\" target=\"_blank\">\n\t\t\t<i aria-hidden=\"true\" class=\"fab fa-instagram\"><\/i>\t\t\t<\/a>\n\t\t<\/div>\n\t\t\t\t\t\t<\/div>\n\t\t\t\t<\/div>\n\t\t\t\t<div class=\"elementor-element elementor-element-67a5409 elementor-widget elementor-widget-spacer\" data-id=\"67a5409\" data-element_type=\"widget\" data-e-type=\"widget\" data-widget_type=\"spacer.default\">\n\t\t\t\t<div class=\"elementor-widget-container\">\n\t\t\t\t\t\t\t<div class=\"elementor-spacer\">\n\t\t\t<div class=\"elementor-spacer-inner\"><\/div>\n\t\t<\/div>\n\t\t\t\t\t\t<\/div>\n\t\t\t\t<\/div>\n\t\t\t\t\t<\/div>\n\t\t<\/div>\n\t\t\t\t\t<\/div>\n\t\t<\/section>\n\t\t\t\t<\/div>\n\t\t","protected":false},"excerpt":{"rendered":"<p>COMING SOON Wir gehen in K\u00fcrze mit unserer Website und dem Buchungsprozess f\u00fcr unsere Hebeb\u00fchnen &amp; Co. an den Start!Wenn Du bei Er\u00f6ffnung der Buchungsm\u00f6glichkeit als einer der Ersten informiert werden m\u00f6chtest, melde Dich gerne f\u00fcr unseren Newsletter an \ud83d\ude03 *Pflichtfeld. Mit dem Absenden stimmst Du zu, dass wir Deine E-Mailadresse im Rahmen unseres Newsletters [&hellip;]<\/p>\n","protected":false},"author":1,"featured_media":0,"parent":0,"menu_order":0,"comment_status":"closed","ping_status":"closed","template":"","meta":{"footnotes":""},"class_list":["post-830","page","type-page","status-publish","hentry","wpbf-post"],"yoast_head":"<!-- This site is optimized with the Yoast SEO plugin v27.5 - https:\/\/yoast.com\/product\/yoast-seo-wordpress\/ -->\n<title>WIP - Pimp-Your-Ride<\/title>\n<meta name=\"robots\" content=\"index, follow, max-snippet:-1, max-image-preview:large, max-video-preview:-1\" \/>\n<link rel=\"canonical\" href=\"https:\/\/pimp-your-ride.com\/en\/wip\/\" \/>\n<meta property=\"og:locale\" content=\"en_GB\" \/>\n<meta property=\"og:type\" content=\"article\" \/>\n<meta property=\"og:title\" content=\"WIP - Pimp-Your-Ride\" \/>\n<meta property=\"og:description\" content=\"COMING SOON Wir gehen in K\u00fcrze mit unserer Website und dem Buchungsprozess f\u00fcr unsere Hebeb\u00fchnen &amp; Co. an den Start!Wenn Du bei Er\u00f6ffnung der Buchungsm\u00f6glichkeit als einer der Ersten informiert werden m\u00f6chtest, melde Dich gerne f\u00fcr unseren Newsletter an \ud83d\ude03 *Pflichtfeld. Mit dem Absenden stimmst Du zu, dass wir Deine E-Mailadresse im Rahmen unseres Newsletters [&hellip;]\" \/>\n<meta property=\"og:url\" content=\"https:\/\/pimp-your-ride.com\/en\/wip\/\" \/>\n<meta property=\"og:site_name\" content=\"Pimp-Your-Ride\" \/>\n<meta property=\"article:modified_time\" content=\"2022-06-13T21:04:10+00:00\" \/>\n<meta property=\"og:image\" content=\"https:\/\/pimp-your-ride.com\/wp-content\/uploads\/2022\/05\/pyr-3d-animation.gif\" \/>\n\t<meta property=\"og:image:width\" content=\"200\" \/>\n\t<meta property=\"og:image:height\" content=\"230\" \/>\n\t<meta property=\"og:image:type\" content=\"image\/gif\" \/>\n<meta name=\"twitter:card\" content=\"summary_large_image\" \/>\n<script type=\"application\/ld+json\" class=\"yoast-schema-graph\">{\"@context\":\"https:\\\/\\\/schema.org\",\"@graph\":[{\"@type\":\"WebPage\",\"@id\":\"https:\\\/\\\/pimp-your-ride.com\\\/wip\\\/\",\"url\":\"https:\\\/\\\/pimp-your-ride.com\\\/wip\\\/\",\"name\":\"WIP - Pimp-Your-Ride\",\"isPartOf\":{\"@id\":\"https:\\\/\\\/pimp-your-ride.com\\\/#website\"},\"primaryImageOfPage\":{\"@id\":\"https:\\\/\\\/pimp-your-ride.com\\\/wip\\\/#primaryimage\"},\"image\":{\"@id\":\"https:\\\/\\\/pimp-your-ride.com\\\/wip\\\/#primaryimage\"},\"thumbnailUrl\":\"https:\\\/\\\/pimp-your-ride.com\\\/wp-content\\\/uploads\\\/2022\\\/05\\\/pyr-3d-animation.gif\",\"datePublished\":\"2022-06-06T14:35:25+00:00\",\"dateModified\":\"2022-06-13T21:04:10+00:00\",\"breadcrumb\":{\"@id\":\"https:\\\/\\\/pimp-your-ride.com\\\/wip\\\/#breadcrumb\"},\"inLanguage\":\"en-GB\",\"potentialAction\":[{\"@type\":\"ReadAction\",\"target\":[\"https:\\\/\\\/pimp-your-ride.com\\\/wip\\\/\"]}]},{\"@type\":\"ImageObject\",\"inLanguage\":\"en-GB\",\"@id\":\"https:\\\/\\\/pimp-your-ride.com\\\/wip\\\/#primaryimage\",\"url\":\"https:\\\/\\\/pimp-your-ride.com\\\/wp-content\\\/uploads\\\/2022\\\/05\\\/pyr-3d-animation.gif\",\"contentUrl\":\"https:\\\/\\\/pimp-your-ride.com\\\/wp-content\\\/uploads\\\/2022\\\/05\\\/pyr-3d-animation.gif\"},{\"@type\":\"BreadcrumbList\",\"@id\":\"https:\\\/\\\/pimp-your-ride.com\\\/wip\\\/#breadcrumb\",\"itemListElement\":[{\"@type\":\"ListItem\",\"position\":1,\"name\":\"Startseite\",\"item\":\"https:\\\/\\\/pimp-your-ride.com\\\/\"},{\"@type\":\"ListItem\",\"position\":2,\"name\":\"WIP\"}]},{\"@type\":\"WebSite\",\"@id\":\"https:\\\/\\\/pimp-your-ride.com\\\/#website\",\"url\":\"https:\\\/\\\/pimp-your-ride.com\\\/\",\"name\":\"Pimp-Your-Ride\",\"description\":\"Do-It-Yourself Werkstatt\",\"publisher\":{\"@id\":\"https:\\\/\\\/pimp-your-ride.com\\\/#organization\"},\"potentialAction\":[{\"@type\":\"SearchAction\",\"target\":{\"@type\":\"EntryPoint\",\"urlTemplate\":\"https:\\\/\\\/pimp-your-ride.com\\\/?s={search_term_string}\"},\"query-input\":{\"@type\":\"PropertyValueSpecification\",\"valueRequired\":true,\"valueName\":\"search_term_string\"}}],\"inLanguage\":\"en-GB\"},{\"@type\":\"Organization\",\"@id\":\"https:\\\/\\\/pimp-your-ride.com\\\/#organization\",\"name\":\"Pimp-Your-Ride GmbH & Co. KG\",\"url\":\"https:\\\/\\\/pimp-your-ride.com\\\/\",\"logo\":{\"@type\":\"ImageObject\",\"inLanguage\":\"en-GB\",\"@id\":\"https:\\\/\\\/pimp-your-ride.com\\\/#\\\/schema\\\/logo\\\/image\\\/\",\"url\":\"https:\\\/\\\/pimp-your-ride.com\\\/wp-content\\\/uploads\\\/2022\\\/05\\\/pyr-3d-logo.png\",\"contentUrl\":\"https:\\\/\\\/pimp-your-ride.com\\\/wp-content\\\/uploads\\\/2022\\\/05\\\/pyr-3d-logo.png\",\"width\":185,\"height\":211,\"caption\":\"Pimp-Your-Ride GmbH & Co. KG\"},\"image\":{\"@id\":\"https:\\\/\\\/pimp-your-ride.com\\\/#\\\/schema\\\/logo\\\/image\\\/\"},\"sameAs\":[\"https:\\\/\\\/instagram.com\\\/pimp_your_ride_com\"]}]}<\/script>\n<!-- \/ Yoast SEO plugin. -->","yoast_head_json":{"title":"WIP - Pimp-Your-Ride","robots":{"index":"index","follow":"follow","max-snippet":"max-snippet:-1","max-image-preview":"max-image-preview:large","max-video-preview":"max-video-preview:-1"},"canonical":"https:\/\/pimp-your-ride.com\/en\/wip\/","og_locale":"en_GB","og_type":"article","og_title":"WIP - Pimp-Your-Ride","og_description":"COMING SOON Wir gehen in K\u00fcrze mit unserer Website und dem Buchungsprozess f\u00fcr unsere Hebeb\u00fchnen &amp; Co. an den Start!Wenn Du bei Er\u00f6ffnung der Buchungsm\u00f6glichkeit als einer der Ersten informiert werden m\u00f6chtest, melde Dich gerne f\u00fcr unseren Newsletter an \ud83d\ude03 *Pflichtfeld. Mit dem Absenden stimmst Du zu, dass wir Deine E-Mailadresse im Rahmen unseres Newsletters [&hellip;]","og_url":"https:\/\/pimp-your-ride.com\/en\/wip\/","og_site_name":"Pimp-Your-Ride","article_modified_time":"2022-06-13T21:04:10+00:00","og_image":[{"width":200,"height":230,"url":"https:\/\/pimp-your-ride.com\/wp-content\/uploads\/2022\/05\/pyr-3d-animation.gif","type":"image\/gif"}],"twitter_card":"summary_large_image","schema":{"@context":"https:\/\/schema.org","@graph":[{"@type":"WebPage","@id":"https:\/\/pimp-your-ride.com\/wip\/","url":"https:\/\/pimp-your-ride.com\/wip\/","name":"WIP - Pimp-Your-Ride","isPartOf":{"@id":"https:\/\/pimp-your-ride.com\/#website"},"primaryImageOfPage":{"@id":"https:\/\/pimp-your-ride.com\/wip\/#primaryimage"},"image":{"@id":"https:\/\/pimp-your-ride.com\/wip\/#primaryimage"},"thumbnailUrl":"https:\/\/pimp-your-ride.com\/wp-content\/uploads\/2022\/05\/pyr-3d-animation.gif","datePublished":"2022-06-06T14:35:25+00:00","dateModified":"2022-06-13T21:04:10+00:00","breadcrumb":{"@id":"https:\/\/pimp-your-ride.com\/wip\/#breadcrumb"},"inLanguage":"en-GB","potentialAction":[{"@type":"ReadAction","target":["https:\/\/pimp-your-ride.com\/wip\/"]}]},{"@type":"ImageObject","inLanguage":"en-GB","@id":"https:\/\/pimp-your-ride.com\/wip\/#primaryimage","url":"https:\/\/pimp-your-ride.com\/wp-content\/uploads\/2022\/05\/pyr-3d-animation.gif","contentUrl":"https:\/\/pimp-your-ride.com\/wp-content\/uploads\/2022\/05\/pyr-3d-animation.gif"},{"@type":"BreadcrumbList","@id":"https:\/\/pimp-your-ride.com\/wip\/#breadcrumb","itemListElement":[{"@type":"ListItem","position":1,"name":"Startseite","item":"https:\/\/pimp-your-ride.com\/"},{"@type":"ListItem","position":2,"name":"WIP"}]},{"@type":"WebSite","@id":"https:\/\/pimp-your-ride.com\/#website","url":"https:\/\/pimp-your-ride.com\/","name":"Pimp-Your-Ride","description":"Do-It-Yourself Werkstatt","publisher":{"@id":"https:\/\/pimp-your-ride.com\/#organization"},"potentialAction":[{"@type":"SearchAction","target":{"@type":"EntryPoint","urlTemplate":"https:\/\/pimp-your-ride.com\/?s={search_term_string}"},"query-input":{"@type":"PropertyValueSpecification","valueRequired":true,"valueName":"search_term_string"}}],"inLanguage":"en-GB"},{"@type":"Organization","@id":"https:\/\/pimp-your-ride.com\/#organization","name":"Pimp-Your-Ride GmbH & Co. KG","url":"https:\/\/pimp-your-ride.com\/","logo":{"@type":"ImageObject","inLanguage":"en-GB","@id":"https:\/\/pimp-your-ride.com\/#\/schema\/logo\/image\/","url":"https:\/\/pimp-your-ride.com\/wp-content\/uploads\/2022\/05\/pyr-3d-logo.png","contentUrl":"https:\/\/pimp-your-ride.com\/wp-content\/uploads\/2022\/05\/pyr-3d-logo.png","width":185,"height":211,"caption":"Pimp-Your-Ride GmbH & Co. KG"},"image":{"@id":"https:\/\/pimp-your-ride.com\/#\/schema\/logo\/image\/"},"sameAs":["https:\/\/instagram.com\/pimp_your_ride_com"]}]}},"_links":{"self":[{"href":"https:\/\/pimp-your-ride.com\/en\/wp-json\/wp\/v2\/pages\/830","targetHints":{"allow":["GET"]}}],"collection":[{"href":"https:\/\/pimp-your-ride.com\/en\/wp-json\/wp\/v2\/pages"}],"about":[{"href":"https:\/\/pimp-your-ride.com\/en\/wp-json\/wp\/v2\/types\/page"}],"author":[{"embeddable":true,"href":"https:\/\/pimp-your-ride.com\/en\/wp-json\/wp\/v2\/users\/1"}],"replies":[{"embeddable":true,"href":"https:\/\/pimp-your-ride.com\/en\/wp-json\/wp\/v2\/comments?post=830"}],"version-history":[{"count":131,"href":"https:\/\/pimp-your-ride.com\/en\/wp-json\/wp\/v2\/pages\/830\/revisions"}],"predecessor-version":[{"id":1718,"href":"https:\/\/pimp-your-ride.com\/en\/wp-json\/wp\/v2\/pages\/830\/revisions\/1718"}],"wp:attachment":[{"href":"https:\/\/pimp-your-ride.com\/en\/wp-json\/wp\/v2\/media?parent=830"}],"curies":[{"name":"wp","href":"https:\/\/api.w.org\/{rel}","templated":true}]}}