{"id":1996,"date":"2022-06-17T10:20:52","date_gmt":"2022-06-17T08:20:52","guid":{"rendered":"https:\/\/pimp-your-ride.com\/?post_type=product&#038;p=1996"},"modified":"2023-12-28T18:30:38","modified_gmt":"2023-12-28T17:30:38","slug":"entsorgung-kuehlfluessigkeit","status":"publish","type":"product","link":"https:\/\/pimp-your-ride.com\/en\/book\/entsorgung-kuehlfluessigkeit\/","title":{"rendered":"Entsorgung K\u00fchlfl\u00fcssigkeit"},"content":{"rendered":"<p>Pauschale f\u00fcr die Entsorgung von K\u00fchlfl\u00fcssigkeit im Rahmen Deiner Buchung<\/p>","protected":false},"excerpt":{"rendered":"<p>Entsorgung von K\u00fchlfl\u00fcssigkeit, pauschal<\/p>","protected":false},"featured_media":2133,"template":"","meta":[],"product_brand":[],"product_cat":[33],"product_tag":[],"class_list":{"0":"post-1996","1":"product","2":"type-product","3":"status-publish","4":"has-post-thumbnail","6":"product_cat-dienstleistung","7":"wpbf-post","10":"instock","11":"virtual","12":"sold-individually","13":"taxable","14":"purchasable","15":"product-type-simple"},"booking_location":null,"booking_location_type":null,"booking_duration":null,"booking_duration_unit":null,"booking_buffer":null,"booking_cost":null,"booking_resources":null,"yoast_head":"<!-- This site is optimized with the Yoast SEO plugin v27.4 - https:\/\/yoast.com\/product\/yoast-seo-wordpress\/ -->\n<title>Entsorgung K\u00fchlfl\u00fcssigkeit - Pimp-Your-Ride<\/title>\n<meta name=\"robots\" content=\"index, follow, max-snippet:-1, max-image-preview:large, max-video-preview:-1\" \/>\n<link rel=\"canonical\" href=\"https:\/\/pimp-your-ride.com\/en\/book\/entsorgung-kuehlfluessigkeit\/\" \/>\n<meta property=\"og:locale\" content=\"en_GB\" \/>\n<meta property=\"og:type\" content=\"article\" \/>\n<meta property=\"og:title\" content=\"Entsorgung K\u00fchlfl\u00fcssigkeit - Pimp-Your-Ride\" \/>\n<meta property=\"og:description\" content=\"Entsorgung von K\u00fchlfl\u00fcssigkeit, pauschal\" \/>\n<meta property=\"og:url\" content=\"https:\/\/pimp-your-ride.com\/en\/book\/entsorgung-kuehlfluessigkeit\/\" \/>\n<meta property=\"og:site_name\" content=\"Pimp-Your-Ride\" \/>\n<meta property=\"article:modified_time\" content=\"2023-12-28T17:30:38+00:00\" \/>\n<meta property=\"og:image\" content=\"https:\/\/pimp-your-ride.com\/wp-content\/uploads\/2022\/06\/pyr-product-recycle.png\" \/>\n\t<meta property=\"og:image:width\" content=\"300\" \/>\n\t<meta property=\"og:image:height\" content=\"300\" \/>\n\t<meta property=\"og:image:type\" content=\"image\/png\" \/>\n<meta name=\"twitter:card\" content=\"summary_large_image\" \/>\n<meta name=\"twitter:label1\" content=\"Estimated reading time\" \/>\n\t<meta name=\"twitter:data1\" content=\"1 minute\" \/>\n<script type=\"application\/ld+json\" class=\"yoast-schema-graph\">{\"@context\":\"https:\\\/\\\/schema.org\",\"@graph\":[{\"@type\":\"WebPage\",\"@id\":\"https:\\\/\\\/pimp-your-ride.com\\\/book\\\/entsorgung-kuehlfluessigkeit\\\/\",\"url\":\"https:\\\/\\\/pimp-your-ride.com\\\/book\\\/entsorgung-kuehlfluessigkeit\\\/\",\"name\":\"Entsorgung K\u00fchlfl\u00fcssigkeit - Pimp-Your-Ride\",\"isPartOf\":{\"@id\":\"https:\\\/\\\/pimp-your-ride.com\\\/#website\"},\"primaryImageOfPage\":{\"@id\":\"https:\\\/\\\/pimp-your-ride.com\\\/book\\\/entsorgung-kuehlfluessigkeit\\\/#primaryimage\"},\"image\":{\"@id\":\"https:\\\/\\\/pimp-your-ride.com\\\/book\\\/entsorgung-kuehlfluessigkeit\\\/#primaryimage\"},\"thumbnailUrl\":\"https:\\\/\\\/pimp-your-ride.com\\\/wp-content\\\/uploads\\\/2022\\\/06\\\/pyr-product-recycle.png\",\"datePublished\":\"2022-06-17T08:20:52+00:00\",\"dateModified\":\"2023-12-28T17:30:38+00:00\",\"breadcrumb\":{\"@id\":\"https:\\\/\\\/pimp-your-ride.com\\\/book\\\/entsorgung-kuehlfluessigkeit\\\/#breadcrumb\"},\"inLanguage\":\"en-GB\",\"potentialAction\":[{\"@type\":\"ReadAction\",\"target\":[\"https:\\\/\\\/pimp-your-ride.com\\\/book\\\/entsorgung-kuehlfluessigkeit\\\/\"]}]},{\"@type\":\"ImageObject\",\"inLanguage\":\"en-GB\",\"@id\":\"https:\\\/\\\/pimp-your-ride.com\\\/book\\\/entsorgung-kuehlfluessigkeit\\\/#primaryimage\",\"url\":\"https:\\\/\\\/pimp-your-ride.com\\\/wp-content\\\/uploads\\\/2022\\\/06\\\/pyr-product-recycle.png\",\"contentUrl\":\"https:\\\/\\\/pimp-your-ride.com\\\/wp-content\\\/uploads\\\/2022\\\/06\\\/pyr-product-recycle.png\",\"width\":300,\"height\":300},{\"@type\":\"BreadcrumbList\",\"@id\":\"https:\\\/\\\/pimp-your-ride.com\\\/book\\\/entsorgung-kuehlfluessigkeit\\\/#breadcrumb\",\"itemListElement\":[{\"@type\":\"ListItem\",\"position\":1,\"name\":\"Startseite\",\"item\":\"https:\\\/\\\/pimp-your-ride.com\\\/\"},{\"@type\":\"ListItem\",\"position\":2,\"name\":\"Produkte\",\"item\":\"https:\\\/\\\/pimp-your-ride.com\\\/shop\\\/\"},{\"@type\":\"ListItem\",\"position\":3,\"name\":\"Entsorgung K\u00fchlfl\u00fcssigkeit\"}]},{\"@type\":\"WebSite\",\"@id\":\"https:\\\/\\\/pimp-your-ride.com\\\/#website\",\"url\":\"https:\\\/\\\/pimp-your-ride.com\\\/\",\"name\":\"Pimp-Your-Ride\",\"description\":\"Do-It-Yourself Werkstatt\",\"publisher\":{\"@id\":\"https:\\\/\\\/pimp-your-ride.com\\\/#organization\"},\"potentialAction\":[{\"@type\":\"SearchAction\",\"target\":{\"@type\":\"EntryPoint\",\"urlTemplate\":\"https:\\\/\\\/pimp-your-ride.com\\\/?s={search_term_string}\"},\"query-input\":{\"@type\":\"PropertyValueSpecification\",\"valueRequired\":true,\"valueName\":\"search_term_string\"}}],\"inLanguage\":\"en-GB\"},{\"@type\":\"Organization\",\"@id\":\"https:\\\/\\\/pimp-your-ride.com\\\/#organization\",\"name\":\"Pimp-Your-Ride GmbH & Co. KG\",\"url\":\"https:\\\/\\\/pimp-your-ride.com\\\/\",\"logo\":{\"@type\":\"ImageObject\",\"inLanguage\":\"en-GB\",\"@id\":\"https:\\\/\\\/pimp-your-ride.com\\\/#\\\/schema\\\/logo\\\/image\\\/\",\"url\":\"https:\\\/\\\/pimp-your-ride.com\\\/wp-content\\\/uploads\\\/2022\\\/05\\\/pyr-3d-logo.png\",\"contentUrl\":\"https:\\\/\\\/pimp-your-ride.com\\\/wp-content\\\/uploads\\\/2022\\\/05\\\/pyr-3d-logo.png\",\"width\":185,\"height\":211,\"caption\":\"Pimp-Your-Ride GmbH & Co. KG\"},\"image\":{\"@id\":\"https:\\\/\\\/pimp-your-ride.com\\\/#\\\/schema\\\/logo\\\/image\\\/\"},\"sameAs\":[\"https:\\\/\\\/instagram.com\\\/pimp_your_ride_com\"]}]}<\/script>\n<!-- \/ Yoast SEO plugin. -->","yoast_head_json":{"title":"Entsorgung K\u00fchlfl\u00fcssigkeit - Pimp-Your-Ride","robots":{"index":"index","follow":"follow","max-snippet":"max-snippet:-1","max-image-preview":"max-image-preview:large","max-video-preview":"max-video-preview:-1"},"canonical":"https:\/\/pimp-your-ride.com\/en\/book\/entsorgung-kuehlfluessigkeit\/","og_locale":"en_GB","og_type":"article","og_title":"Entsorgung K\u00fchlfl\u00fcssigkeit - Pimp-Your-Ride","og_description":"Entsorgung von K\u00fchlfl\u00fcssigkeit, pauschal","og_url":"https:\/\/pimp-your-ride.com\/en\/book\/entsorgung-kuehlfluessigkeit\/","og_site_name":"Pimp-Your-Ride","article_modified_time":"2023-12-28T17:30:38+00:00","og_image":[{"width":300,"height":300,"url":"https:\/\/pimp-your-ride.com\/wp-content\/uploads\/2022\/06\/pyr-product-recycle.png","type":"image\/png"}],"twitter_card":"summary_large_image","twitter_misc":{"Estimated reading time":"1 minute"},"schema":{"@context":"https:\/\/schema.org","@graph":[{"@type":"WebPage","@id":"https:\/\/pimp-your-ride.com\/book\/entsorgung-kuehlfluessigkeit\/","url":"https:\/\/pimp-your-ride.com\/book\/entsorgung-kuehlfluessigkeit\/","name":"Entsorgung K\u00fchlfl\u00fcssigkeit - Pimp-Your-Ride","isPartOf":{"@id":"https:\/\/pimp-your-ride.com\/#website"},"primaryImageOfPage":{"@id":"https:\/\/pimp-your-ride.com\/book\/entsorgung-kuehlfluessigkeit\/#primaryimage"},"image":{"@id":"https:\/\/pimp-your-ride.com\/book\/entsorgung-kuehlfluessigkeit\/#primaryimage"},"thumbnailUrl":"https:\/\/pimp-your-ride.com\/wp-content\/uploads\/2022\/06\/pyr-product-recycle.png","datePublished":"2022-06-17T08:20:52+00:00","dateModified":"2023-12-28T17:30:38+00:00","breadcrumb":{"@id":"https:\/\/pimp-your-ride.com\/book\/entsorgung-kuehlfluessigkeit\/#breadcrumb"},"inLanguage":"en-GB","potentialAction":[{"@type":"ReadAction","target":["https:\/\/pimp-your-ride.com\/book\/entsorgung-kuehlfluessigkeit\/"]}]},{"@type":"ImageObject","inLanguage":"en-GB","@id":"https:\/\/pimp-your-ride.com\/book\/entsorgung-kuehlfluessigkeit\/#primaryimage","url":"https:\/\/pimp-your-ride.com\/wp-content\/uploads\/2022\/06\/pyr-product-recycle.png","contentUrl":"https:\/\/pimp-your-ride.com\/wp-content\/uploads\/2022\/06\/pyr-product-recycle.png","width":300,"height":300},{"@type":"BreadcrumbList","@id":"https:\/\/pimp-your-ride.com\/book\/entsorgung-kuehlfluessigkeit\/#breadcrumb","itemListElement":[{"@type":"ListItem","position":1,"name":"Startseite","item":"https:\/\/pimp-your-ride.com\/"},{"@type":"ListItem","position":2,"name":"Produkte","item":"https:\/\/pimp-your-ride.com\/shop\/"},{"@type":"ListItem","position":3,"name":"Entsorgung K\u00fchlfl\u00fcssigkeit"}]},{"@type":"WebSite","@id":"https:\/\/pimp-your-ride.com\/#website","url":"https:\/\/pimp-your-ride.com\/","name":"Pimp-Your-Ride","description":"Do-It-Yourself Werkstatt","publisher":{"@id":"https:\/\/pimp-your-ride.com\/#organization"},"potentialAction":[{"@type":"SearchAction","target":{"@type":"EntryPoint","urlTemplate":"https:\/\/pimp-your-ride.com\/?s={search_term_string}"},"query-input":{"@type":"PropertyValueSpecification","valueRequired":true,"valueName":"search_term_string"}}],"inLanguage":"en-GB"},{"@type":"Organization","@id":"https:\/\/pimp-your-ride.com\/#organization","name":"Pimp-Your-Ride GmbH & Co. KG","url":"https:\/\/pimp-your-ride.com\/","logo":{"@type":"ImageObject","inLanguage":"en-GB","@id":"https:\/\/pimp-your-ride.com\/#\/schema\/logo\/image\/","url":"https:\/\/pimp-your-ride.com\/wp-content\/uploads\/2022\/05\/pyr-3d-logo.png","contentUrl":"https:\/\/pimp-your-ride.com\/wp-content\/uploads\/2022\/05\/pyr-3d-logo.png","width":185,"height":211,"caption":"Pimp-Your-Ride GmbH & Co. KG"},"image":{"@id":"https:\/\/pimp-your-ride.com\/#\/schema\/logo\/image\/"},"sameAs":["https:\/\/instagram.com\/pimp_your_ride_com"]}]}},"_links":{"self":[{"href":"https:\/\/pimp-your-ride.com\/en\/wp-json\/wp\/v2\/product\/1996","targetHints":{"allow":["GET"]}}],"collection":[{"href":"https:\/\/pimp-your-ride.com\/en\/wp-json\/wp\/v2\/product"}],"about":[{"href":"https:\/\/pimp-your-ride.com\/en\/wp-json\/wp\/v2\/types\/product"}],"wp:featuredmedia":[{"embeddable":true,"href":"https:\/\/pimp-your-ride.com\/en\/wp-json\/wp\/v2\/media\/2133"}],"wp:attachment":[{"href":"https:\/\/pimp-your-ride.com\/en\/wp-json\/wp\/v2\/media?parent=1996"}],"wp:term":[{"taxonomy":"product_brand","embeddable":true,"href":"https:\/\/pimp-your-ride.com\/en\/wp-json\/wp\/v2\/product_brand?post=1996"},{"taxonomy":"product_cat","embeddable":true,"href":"https:\/\/pimp-your-ride.com\/en\/wp-json\/wp\/v2\/product_cat?post=1996"},{"taxonomy":"product_tag","embeddable":true,"href":"https:\/\/pimp-your-ride.com\/en\/wp-json\/wp\/v2\/product_tag?post=1996"}],"curies":[{"name":"wp","href":"https:\/\/api.w.org\/{rel}","templated":true}]}}